{"id":1576,"date":"2016-11-01T08:51:34","date_gmt":"2016-11-01T08:51:34","guid":{"rendered":"http:\/\/industrialist.mikado-themes.com\/?page_id=1576"},"modified":"2016-11-01T08:51:34","modified_gmt":"2016-11-01T08:51:34","slug":"boxes-three-columns","status":"publish","type":"page","link":"https:\/\/aggarwalrubberudyog.com\/index.php\/boxes-three-columns\/","title":{"rendered":"Boxes Three Columns"},"content":{"rendered":"<p>[vc_row content_width=&#8221;grid&#8221;][vc_column]\n<div class=\"mkd-blog-list-holder mkd-boxes  mkd-column-3\">\n    <ul class=\"mkd-blog-list\">\n        <li class=\"mkd-blog-list-item clearfix\">\n    <div class=\"mkd-blog-list-item-inner\">\n        <div class=\"mkd-item-image\">\n            <a itemprop=\"url\" href=\"https:\/\/aggarwalrubberudyog.com\/index.php\/2025\/11\/03\/enquete-exclusive-comment-les-fetes-anniversaires-faconnent-l-evolution-de-l-igaming-aujourd-hui\/\">\n                            <\/a>\n        <\/div>\n        <div class=\"mkd-item-text-holder\" style=\"background-color:#f0f0ef\">\n        <h4 itemprop=\"name\" class=\"mkd-item-title entry-title\">\n        <a itemprop=\"url\" href=\"https:\/\/aggarwalrubberudyog.com\/index.php\/2025\/11\/03\/enquete-exclusive-comment-les-fetes-anniversaires-faconnent-l-evolution-de-l-igaming-aujourd-hui\/\">\n            \u00ab Enqu\u00eate exclusive : comment les f\u00eates anniversaires fa\u00e7onnent l\u2019\u00e9volution de l\u2019iGaming aujourd\u2019hui \u00bb        <\/a>\n    <\/h4>\n\n            <p itemprop=\"description\" class=\"mkd-excerpt\">\u00ab Enqu\u00eate exclusive : comment les f\u00eates anniversaires fa\u00e7onnent l\u2019\u00e9volution de l\u2019...<\/p>\n    \n            <div class=\"mkd-item-info-section clearfix\">\n            <div itemprop=\"dateCreated\" class=\"mkd-post-info-date entry-date updated\">\n\n    \n        3 November 2025\n        \n    <meta itemprop=\"interactionCount\" content=\"UserComments: 0\"\/>\n\n<\/div><div class=\"mkd-post-info-category\"><a href=\"https:\/\/aggarwalrubberudyog.com\/index.php\/category\/blog\/\" rel=\"category tag\">Blog<\/a><\/div>        <\/div>\n    \n    \n    <\/div>\n    <\/div>\n<\/li><li class=\"mkd-blog-list-item clearfix\">\n    <div class=\"mkd-blog-list-item-inner\">\n        <div class=\"mkd-item-image\">\n            <a itemprop=\"url\" href=\"https:\/\/aggarwalrubberudyog.com\/index.php\/2025\/12\/30\/10-summer-bonus-strategies-to-maximize-your-play-at-casigood\/\">\n                            <\/a>\n        <\/div>\n        <div class=\"mkd-item-text-holder\" style=\"background-color:#f0f0ef\">\n        <h4 itemprop=\"name\" class=\"mkd-item-title entry-title\">\n        <a itemprop=\"url\" href=\"https:\/\/aggarwalrubberudyog.com\/index.php\/2025\/12\/30\/10-summer-bonus-strategies-to-maximize-your-play-at-casigood\/\">\n            10 Summer Bonus Strategies to Maximize Your Play at Casigood        <\/a>\n    <\/h4>\n\n            <p itemprop=\"description\" class=\"mkd-excerpt\">10 Summer Bonus Strategies to Maximize Your Play at Casigood When the heat of summer makes...<\/p>\n    \n            <div class=\"mkd-item-info-section clearfix\">\n            <div itemprop=\"dateCreated\" class=\"mkd-post-info-date entry-date updated\">\n\n    \n        30 December 2025\n        \n    <meta itemprop=\"interactionCount\" content=\"UserComments: 0\"\/>\n\n<\/div><div class=\"mkd-post-info-category\"><a href=\"https:\/\/aggarwalrubberudyog.com\/index.php\/category\/blog\/\" rel=\"category tag\">Blog<\/a><\/div>        <\/div>\n    \n    \n    <\/div>\n    <\/div>\n<\/li><li class=\"mkd-blog-list-item clearfix\">\n    <div class=\"mkd-blog-list-item-inner\">\n        <div class=\"mkd-item-image\">\n            <a itemprop=\"url\" href=\"https:\/\/aggarwalrubberudyog.com\/index.php\/2025\/11\/01\/5-expert-tips-for-setting-healthy-boundaries-when-dating-long-distance-this-summer\/\">\n                            <\/a>\n        <\/div>\n        <div class=\"mkd-item-text-holder\" style=\"background-color:#f0f0ef\">\n        <h4 itemprop=\"name\" class=\"mkd-item-title entry-title\">\n        <a itemprop=\"url\" href=\"https:\/\/aggarwalrubberudyog.com\/index.php\/2025\/11\/01\/5-expert-tips-for-setting-healthy-boundaries-when-dating-long-distance-this-summer\/\">\n            5 Expert Tips for Setting Healthy Boundaries When Dating Long\u2011Distance This Summer        <\/a>\n    <\/h4>\n\n            <p itemprop=\"description\" class=\"mkd-excerpt\">5 Expert Tips for Setting Healthy Boundaries When Dating Long\u2011Distance This Summer Summe...<\/p>\n    \n            <div class=\"mkd-item-info-section clearfix\">\n            <div itemprop=\"dateCreated\" class=\"mkd-post-info-date entry-date updated\">\n\n    \n        1 November 2025\n        \n    <meta itemprop=\"interactionCount\" content=\"UserComments: 0\"\/>\n\n<\/div><div class=\"mkd-post-info-category\"><a href=\"https:\/\/aggarwalrubberudyog.com\/index.php\/category\/blog\/\" rel=\"category tag\">Blog<\/a><\/div>        <\/div>\n    \n    \n    <\/div>\n    <\/div>\n<\/li><li class=\"mkd-blog-list-item clearfix\">\n    <div class=\"mkd-blog-list-item-inner\">\n        <div class=\"mkd-item-image\">\n            <a itemprop=\"url\" href=\"https:\/\/aggarwalrubberudyog.com\/index.php\/2025\/04\/03\/5-vinkkia-jackpottien-valloittamiseen-rizk-casinolla\/\">\n                            <\/a>\n        <\/div>\n        <div class=\"mkd-item-text-holder\" style=\"background-color:#f0f0ef\">\n        <h4 itemprop=\"name\" class=\"mkd-item-title entry-title\">\n        <a itemprop=\"url\" href=\"https:\/\/aggarwalrubberudyog.com\/index.php\/2025\/04\/03\/5-vinkkia-jackpottien-valloittamiseen-rizk-casinolla\/\">\n            5 Vinkki\u00e4 Jackpottien Valloittamiseen Rizk Casinolla        <\/a>\n    <\/h4>\n\n            <p itemprop=\"description\" class=\"mkd-excerpt\">5 Vinkki\u00e4 Jackpottien Valloittamiseen Rizk Casinolla Jackpotit ovat suuria palkintoja, jo...<\/p>\n    \n            <div class=\"mkd-item-info-section clearfix\">\n            <div itemprop=\"dateCreated\" class=\"mkd-post-info-date entry-date updated\">\n\n    \n        3 April 2025\n        \n    <meta itemprop=\"interactionCount\" content=\"UserComments: 0\"\/>\n\n<\/div><div class=\"mkd-post-info-category\"><a href=\"https:\/\/aggarwalrubberudyog.com\/index.php\/category\/blog\/\" rel=\"category tag\">Blog<\/a><\/div>        <\/div>\n    \n    \n    <\/div>\n    <\/div>\n<\/li><li class=\"mkd-blog-list-item clearfix\">\n    <div class=\"mkd-blog-list-item-inner\">\n        <div class=\"mkd-item-image\">\n            <a itemprop=\"url\" href=\"https:\/\/aggarwalrubberudyog.com\/index.php\/2025\/11\/09\/5-vinkkia-jackpottien-valloittamiseen-rizk-casinolla-2\/\">\n                            <\/a>\n        <\/div>\n        <div class=\"mkd-item-text-holder\" style=\"background-color:#f0f0ef\">\n        <h4 itemprop=\"name\" class=\"mkd-item-title entry-title\">\n        <a itemprop=\"url\" href=\"https:\/\/aggarwalrubberudyog.com\/index.php\/2025\/11\/09\/5-vinkkia-jackpottien-valloittamiseen-rizk-casinolla-2\/\">\n            5 Vinkki\u00e4 Jackpottien Valloittamiseen Rizk Casinolla        <\/a>\n    <\/h4>\n\n            <p itemprop=\"description\" class=\"mkd-excerpt\">5 Vinkki\u00e4 Jackpottien Valloittamiseen Rizk Casinolla Jackpotit ovat suuria palkintoja, jo...<\/p>\n    \n            <div class=\"mkd-item-info-section clearfix\">\n            <div itemprop=\"dateCreated\" class=\"mkd-post-info-date entry-date updated\">\n\n    \n        9 November 2025\n        \n    <meta itemprop=\"interactionCount\" content=\"UserComments: 0\"\/>\n\n<\/div><div class=\"mkd-post-info-category\"><a href=\"https:\/\/aggarwalrubberudyog.com\/index.php\/category\/blog\/\" rel=\"category tag\">Blog<\/a><\/div>        <\/div>\n    \n    \n    <\/div>\n    <\/div>\n<\/li><li class=\"mkd-blog-list-item clearfix\">\n    <div class=\"mkd-blog-list-item-inner\">\n        <div class=\"mkd-item-image\">\n            <a itemprop=\"url\" href=\"https:\/\/aggarwalrubberudyog.com\/index.php\/2025\/04\/21\/5-vinkkia-jackpottien-valloittamiseen-rizk-casinolla-3\/\">\n                            <\/a>\n        <\/div>\n        <div class=\"mkd-item-text-holder\" style=\"background-color:#f0f0ef\">\n        <h4 itemprop=\"name\" class=\"mkd-item-title entry-title\">\n        <a itemprop=\"url\" href=\"https:\/\/aggarwalrubberudyog.com\/index.php\/2025\/04\/21\/5-vinkkia-jackpottien-valloittamiseen-rizk-casinolla-3\/\">\n            5 Vinkki\u00e4 Jackpottien Valloittamiseen Rizk Casinolla        <\/a>\n    <\/h4>\n\n            <p itemprop=\"description\" class=\"mkd-excerpt\">5 Vinkki\u00e4 Jackpottien Valloittamiseen Rizk Casinolla Jackpotit ovat suuria palkintoja, jo...<\/p>\n    \n            <div class=\"mkd-item-info-section clearfix\">\n            <div itemprop=\"dateCreated\" class=\"mkd-post-info-date entry-date updated\">\n\n    \n        21 April 2025\n        \n    <meta itemprop=\"interactionCount\" content=\"UserComments: 0\"\/>\n\n<\/div><div class=\"mkd-post-info-category\"><a href=\"https:\/\/aggarwalrubberudyog.com\/index.php\/category\/blog\/\" rel=\"category tag\">Blog<\/a><\/div>        <\/div>\n    \n    \n    <\/div>\n    <\/div>\n<\/li><li class=\"mkd-blog-list-item clearfix\">\n    <div class=\"mkd-blog-list-item-inner\">\n        <div class=\"mkd-item-image\">\n            <a itemprop=\"url\" href=\"https:\/\/aggarwalrubberudyog.com\/index.php\/2025\/11\/17\/5-vinkkia-jackpottien-valloittamiseen-rizk-casinolla-4\/\">\n                            <\/a>\n        <\/div>\n        <div class=\"mkd-item-text-holder\" style=\"background-color:#f0f0ef\">\n        <h4 itemprop=\"name\" class=\"mkd-item-title entry-title\">\n        <a itemprop=\"url\" href=\"https:\/\/aggarwalrubberudyog.com\/index.php\/2025\/11\/17\/5-vinkkia-jackpottien-valloittamiseen-rizk-casinolla-4\/\">\n            5 Vinkki\u00e4 Jackpottien Valloittamiseen Rizk Casinolla        <\/a>\n    <\/h4>\n\n            <p itemprop=\"description\" class=\"mkd-excerpt\">5 Vinkki\u00e4 Jackpottien Valloittamiseen Rizk Casinolla Jackpotit ovat suuria palkintoja, jo...<\/p>\n    \n            <div class=\"mkd-item-info-section clearfix\">\n            <div itemprop=\"dateCreated\" class=\"mkd-post-info-date entry-date updated\">\n\n    \n        17 November 2025\n        \n    <meta itemprop=\"interactionCount\" content=\"UserComments: 0\"\/>\n\n<\/div><div class=\"mkd-post-info-category\"><a href=\"https:\/\/aggarwalrubberudyog.com\/index.php\/category\/blog\/\" rel=\"category tag\">Blog<\/a><\/div>        <\/div>\n    \n    \n    <\/div>\n    <\/div>\n<\/li><li class=\"mkd-blog-list-item clearfix\">\n    <div class=\"mkd-blog-list-item-inner\">\n        <div class=\"mkd-item-image\">\n            <a itemprop=\"url\" href=\"https:\/\/aggarwalrubberudyog.com\/index.php\/2026\/02\/15\/a-guide-to-transferring-firearm-ownership-in-hawaii\/\">\n                            <\/a>\n        <\/div>\n        <div class=\"mkd-item-text-holder\" style=\"background-color:#f0f0ef\">\n        <h4 itemprop=\"name\" class=\"mkd-item-title entry-title\">\n        <a itemprop=\"url\" href=\"https:\/\/aggarwalrubberudyog.com\/index.php\/2026\/02\/15\/a-guide-to-transferring-firearm-ownership-in-hawaii\/\">\n            A Guide to Transferring Firearm Ownership in Hawaii        <\/a>\n    <\/h4>\n\n            <p itemprop=\"description\" class=\"mkd-excerpt\">A Guide to Transferring Firearm Ownership in Hawaii Transferring firearm ownership in Hawa...<\/p>\n    \n            <div class=\"mkd-item-info-section clearfix\">\n            <div itemprop=\"dateCreated\" class=\"mkd-post-info-date entry-date updated\">\n\n    \n        15 February 2026\n        \n    <meta itemprop=\"interactionCount\" content=\"UserComments: 0\"\/>\n\n<\/div><div class=\"mkd-post-info-category\"><a href=\"https:\/\/aggarwalrubberudyog.com\/index.php\/category\/blog\/\" rel=\"category tag\">Blog<\/a><\/div>        <\/div>\n    \n    \n    <\/div>\n    <\/div>\n<\/li><li class=\"mkd-blog-list-item clearfix\">\n    <div class=\"mkd-blog-list-item-inner\">\n        <div class=\"mkd-item-image\">\n            <a itemprop=\"url\" href=\"https:\/\/aggarwalrubberudyog.com\/index.php\/2016\/10\/21\/a-new-beginning\/\">\n                <img loading=\"lazy\" decoding=\"async\" width=\"1300\" height=\"800\" src=\"https:\/\/aggarwalrubberudyog.com\/wp-content\/uploads\/2016\/10\/blog-5.jpg\" class=\"attachment-full size-full wp-post-image\" alt=\"b\" srcset=\"https:\/\/aggarwalrubberudyog.com\/wp-content\/uploads\/2016\/10\/blog-5.jpg 1300w, https:\/\/aggarwalrubberudyog.com\/wp-content\/uploads\/2016\/10\/blog-5-300x185.jpg 300w, https:\/\/aggarwalrubberudyog.com\/wp-content\/uploads\/2016\/10\/blog-5-1024x630.jpg 1024w, https:\/\/aggarwalrubberudyog.com\/wp-content\/uploads\/2016\/10\/blog-5-768x473.jpg 768w, https:\/\/aggarwalrubberudyog.com\/wp-content\/uploads\/2016\/10\/blog-5-600x369.jpg 600w\" sizes=\"auto, (max-width: 1300px) 100vw, 1300px\" \/>            <\/a>\n        <\/div>\n        <div class=\"mkd-item-text-holder\" style=\"background-color:#f0f0ef\">\n        <h4 itemprop=\"name\" class=\"mkd-item-title entry-title\">\n        <a itemprop=\"url\" href=\"https:\/\/aggarwalrubberudyog.com\/index.php\/2016\/10\/21\/a-new-beginning\/\">\n            A New Beginning        <\/a>\n    <\/h4>\n\n            <p itemprop=\"description\" class=\"mkd-excerpt\">The web design industry has been undergoingrege tremendous changes to meeteo the demand of...<\/p>\n    \n            <div class=\"mkd-item-info-section clearfix\">\n            <div itemprop=\"dateCreated\" class=\"mkd-post-info-date entry-date updated\">\n\n    \n        21 October 2016\n        \n    <meta itemprop=\"interactionCount\" content=\"UserComments: 3\"\/>\n\n<\/div><div class=\"mkd-post-info-category\"><a href=\"https:\/\/aggarwalrubberudyog.com\/index.php\/category\/agriculture\/\" rel=\"category tag\">Agriculture<\/a><\/div>        <\/div>\n    \n    \n    <\/div>\n    <\/div>\n<\/li><li class=\"mkd-blog-list-item clearfix\">\n    <div class=\"mkd-blog-list-item-inner\">\n        <div class=\"mkd-item-image\">\n            <a itemprop=\"url\" href=\"https:\/\/aggarwalrubberudyog.com\/index.php\/2016\/10\/21\/a-successful-venture\/\">\n                <img loading=\"lazy\" decoding=\"async\" width=\"1300\" height=\"800\" src=\"https:\/\/aggarwalrubberudyog.com\/wp-content\/uploads\/2016\/10\/blog-11.jpg\" class=\"attachment-full size-full wp-post-image\" alt=\"j\" srcset=\"https:\/\/aggarwalrubberudyog.com\/wp-content\/uploads\/2016\/10\/blog-11.jpg 1300w, https:\/\/aggarwalrubberudyog.com\/wp-content\/uploads\/2016\/10\/blog-11-300x185.jpg 300w, https:\/\/aggarwalrubberudyog.com\/wp-content\/uploads\/2016\/10\/blog-11-1024x630.jpg 1024w, https:\/\/aggarwalrubberudyog.com\/wp-content\/uploads\/2016\/10\/blog-11-768x473.jpg 768w, https:\/\/aggarwalrubberudyog.com\/wp-content\/uploads\/2016\/10\/blog-11-600x369.jpg 600w\" sizes=\"auto, (max-width: 1300px) 100vw, 1300px\" \/>            <\/a>\n        <\/div>\n        <div class=\"mkd-item-text-holder\" style=\"background-color:#f0f0ef\">\n        <h4 itemprop=\"name\" class=\"mkd-item-title entry-title\">\n        <a itemprop=\"url\" href=\"https:\/\/aggarwalrubberudyog.com\/index.php\/2016\/10\/21\/a-successful-venture\/\">\n            A Successful Venture        <\/a>\n    <\/h4>\n\n            <p itemprop=\"description\" class=\"mkd-excerpt\">The web design industry has been undergoingrege tremendous changes to meeteo the demand of...<\/p>\n    \n            <div class=\"mkd-item-info-section clearfix\">\n            <div itemprop=\"dateCreated\" class=\"mkd-post-info-date entry-date updated\">\n\n    \n        21 October 2016\n        \n    <meta itemprop=\"interactionCount\" content=\"UserComments: 1\"\/>\n\n<\/div><div class=\"mkd-post-info-category\"><a href=\"https:\/\/aggarwalrubberudyog.com\/index.php\/category\/agriculture\/\" rel=\"category tag\">Agriculture<\/a><\/div>        <\/div>\n    \n    \n    <\/div>\n    <\/div>\n<\/li><li class=\"mkd-blog-list-item clearfix\">\n    <div class=\"mkd-blog-list-item-inner\">\n        <div class=\"mkd-item-image\">\n            <a itemprop=\"url\" href=\"https:\/\/aggarwalrubberudyog.com\/index.php\/2016\/10\/20\/art-deco-fair-2015\/\">\n                <img loading=\"lazy\" decoding=\"async\" width=\"1300\" height=\"800\" src=\"https:\/\/aggarwalrubberudyog.com\/wp-content\/uploads\/2016\/10\/Blog-16.jpg\" class=\"attachment-full size-full wp-post-image\" alt=\"m\" srcset=\"https:\/\/aggarwalrubberudyog.com\/wp-content\/uploads\/2016\/10\/Blog-16.jpg 1300w, https:\/\/aggarwalrubberudyog.com\/wp-content\/uploads\/2016\/10\/Blog-16-300x185.jpg 300w, https:\/\/aggarwalrubberudyog.com\/wp-content\/uploads\/2016\/10\/Blog-16-1024x630.jpg 1024w, https:\/\/aggarwalrubberudyog.com\/wp-content\/uploads\/2016\/10\/Blog-16-768x473.jpg 768w, https:\/\/aggarwalrubberudyog.com\/wp-content\/uploads\/2016\/10\/Blog-16-600x369.jpg 600w\" sizes=\"auto, (max-width: 1300px) 100vw, 1300px\" \/>            <\/a>\n        <\/div>\n        <div class=\"mkd-item-text-holder\" style=\"background-color:#f0f0ef\">\n        <h4 itemprop=\"name\" class=\"mkd-item-title entry-title\">\n        <a itemprop=\"url\" href=\"https:\/\/aggarwalrubberudyog.com\/index.php\/2016\/10\/20\/art-deco-fair-2015\/\">\n            Art Deco Fair 2015        <\/a>\n    <\/h4>\n\n            <p itemprop=\"description\" class=\"mkd-excerpt\">The web design industry has been undergoingrege tremendous changes to meeteo the demand of...<\/p>\n    \n            <div class=\"mkd-item-info-section clearfix\">\n            <div itemprop=\"dateCreated\" class=\"mkd-post-info-date entry-date updated\">\n\n    \n        20 October 2016\n        \n    <meta itemprop=\"interactionCount\" content=\"UserComments: 3\"\/>\n\n<\/div><div class=\"mkd-post-info-category\"><a href=\"https:\/\/aggarwalrubberudyog.com\/index.php\/category\/green-planning\/\" rel=\"category tag\">Green Planning<\/a><\/div>        <\/div>\n    \n    \n    <\/div>\n    <\/div>\n<\/li><li class=\"mkd-blog-list-item clearfix\">\n    <div class=\"mkd-blog-list-item-inner\">\n        <div class=\"mkd-item-image\">\n            <a itemprop=\"url\" href=\"https:\/\/aggarwalrubberudyog.com\/index.php\/2026\/02\/17\/blackjack-2026-strategies-avancees-et-promotions-qui-font-exploser-les-jackpots\/\">\n                            <\/a>\n        <\/div>\n        <div class=\"mkd-item-text-holder\" style=\"background-color:#f0f0ef\">\n        <h4 itemprop=\"name\" class=\"mkd-item-title entry-title\">\n        <a itemprop=\"url\" href=\"https:\/\/aggarwalrubberudyog.com\/index.php\/2026\/02\/17\/blackjack-2026-strategies-avancees-et-promotions-qui-font-exploser-les-jackpots\/\">\n            Blackjack 2026 \u2013 Strat\u00e9gies avanc\u00e9es et promotions qui font exploser les jackpots        <\/a>\n    <\/h4>\n\n            <p itemprop=\"description\" class=\"mkd-excerpt\">Blackjack 2026 \u2013 Strat\u00e9gies avanc\u00e9es et promotions qui font exploser les jackpots Le r...<\/p>\n    \n            <div class=\"mkd-item-info-section clearfix\">\n            <div itemprop=\"dateCreated\" class=\"mkd-post-info-date entry-date updated\">\n\n    \n        17 February 2026\n        \n    <meta itemprop=\"interactionCount\" content=\"UserComments: 0\"\/>\n\n<\/div><div class=\"mkd-post-info-category\"><a href=\"https:\/\/aggarwalrubberudyog.com\/index.php\/category\/blog\/\" rel=\"category tag\">Blog<\/a><\/div>        <\/div>\n    \n    \n    <\/div>\n    <\/div>\n<\/li>    <\/ul>\n<\/div>\n[\/vc_column][\/vc_row]<\/p>\n","protected":false},"excerpt":{"rendered":"<p>[vc_row content_width=&#8221;grid&#8221;][vc_column][\/vc_column][\/vc_row]<\/p>\n","protected":false},"author":1,"featured_media":0,"parent":0,"menu_order":0,"comment_status":"closed","ping_status":"closed","template":"full-width.php","meta":{"footnotes":""},"class_list":["post-1576","page","type-page","status-publish","hentry"],"_links":{"self":[{"href":"https:\/\/aggarwalrubberudyog.com\/index.php\/wp-json\/wp\/v2\/pages\/1576","targetHints":{"allow":["GET"]}}],"collection":[{"href":"https:\/\/aggarwalrubberudyog.com\/index.php\/wp-json\/wp\/v2\/pages"}],"about":[{"href":"https:\/\/aggarwalrubberudyog.com\/index.php\/wp-json\/wp\/v2\/types\/page"}],"author":[{"embeddable":true,"href":"https:\/\/aggarwalrubberudyog.com\/index.php\/wp-json\/wp\/v2\/users\/1"}],"replies":[{"embeddable":true,"href":"https:\/\/aggarwalrubberudyog.com\/index.php\/wp-json\/wp\/v2\/comments?post=1576"}],"version-history":[{"count":0,"href":"https:\/\/aggarwalrubberudyog.com\/index.php\/wp-json\/wp\/v2\/pages\/1576\/revisions"}],"wp:attachment":[{"href":"https:\/\/aggarwalrubberudyog.com\/index.php\/wp-json\/wp\/v2\/media?parent=1576"}],"curies":[{"name":"wp","href":"https:\/\/api.w.org\/{rel}","templated":true}]}}