{"id":1640,"date":"2016-11-01T10:20:14","date_gmt":"2016-11-01T10:20:14","guid":{"rendered":"http:\/\/industrialist.mikado-themes.com\/?page_id=1640"},"modified":"2016-11-01T10:20:14","modified_gmt":"2016-11-01T10:20:14","slug":"image-in-a-box-four-columns","status":"publish","type":"page","link":"https:\/\/aggarwalrubberudyog.com\/index.php\/image-in-a-box-four-columns\/","title":{"rendered":"Image in a Box Four Columns"},"content":{"rendered":"<p>[vc_row content_width=&#8221;grid&#8221;][vc_column]\n<div class=\"mkd-blog-list-holder mkd-image-in-box  mkd-column-4\">\n    <ul class=\"mkd-blog-list\">\n        <li class=\"mkd-blog-list-item clearfix\">\n    <div class=\"mkd-blog-list-item-inner\">\n        <div class=\"mkd-item-image clearfix\">\n            <a itemprop=\"url\" href=\"https:\/\/aggarwalrubberudyog.com\/index.php\/2025\/11\/03\/enquete-exclusive-comment-les-fetes-anniversaires-faconnent-l-evolution-de-l-igaming-aujourd-hui\/\">\n                            <\/a>\n        <\/div>\n        <div class=\"mkd-item-text-holder\">\n            <h4 itemprop=\"name\" class=\"mkd-item-title entry-title\">\n            <a itemprop=\"url\" href=\"https:\/\/aggarwalrubberudyog.com\/index.php\/2025\/11\/03\/enquete-exclusive-comment-les-fetes-anniversaires-faconnent-l-evolution-de-l-igaming-aujourd-hui\/\">\n                \u00ab Enqu\u00eate exclusive : comment les f\u00eates anniversaires fa\u00e7onnent l\u2019\u00e9volution de l\u2019iGaming aujourd\u2019hui \u00bb            <\/a>\n        <\/h4>\n\n        \n                    <div class=\"mkd-item-info-section clearfix\">\n                <div itemprop=\"dateCreated\" class=\"mkd-post-info-date entry-date updated\">\n\n    \n        3 November 2025\n        \n    <meta itemprop=\"interactionCount\" content=\"UserComments: 0\"\/>\n\n<\/div>            <\/div>\n        \n        \n    <\/div>\n    <\/div>\n<\/li>\n<li class=\"mkd-blog-list-item clearfix\">\n    <div class=\"mkd-blog-list-item-inner\">\n        <div class=\"mkd-item-image clearfix\">\n            <a itemprop=\"url\" href=\"https:\/\/aggarwalrubberudyog.com\/index.php\/2025\/12\/30\/10-summer-bonus-strategies-to-maximize-your-play-at-casigood\/\">\n                            <\/a>\n        <\/div>\n        <div class=\"mkd-item-text-holder\">\n            <h4 itemprop=\"name\" class=\"mkd-item-title entry-title\">\n            <a itemprop=\"url\" href=\"https:\/\/aggarwalrubberudyog.com\/index.php\/2025\/12\/30\/10-summer-bonus-strategies-to-maximize-your-play-at-casigood\/\">\n                10 Summer Bonus Strategies to Maximize Your Play at Casigood            <\/a>\n        <\/h4>\n\n        \n                    <div class=\"mkd-item-info-section clearfix\">\n                <div itemprop=\"dateCreated\" class=\"mkd-post-info-date entry-date updated\">\n\n    \n        30 December 2025\n        \n    <meta itemprop=\"interactionCount\" content=\"UserComments: 0\"\/>\n\n<\/div>            <\/div>\n        \n        \n    <\/div>\n    <\/div>\n<\/li>\n<li class=\"mkd-blog-list-item clearfix\">\n    <div class=\"mkd-blog-list-item-inner\">\n        <div class=\"mkd-item-image clearfix\">\n            <a itemprop=\"url\" href=\"https:\/\/aggarwalrubberudyog.com\/index.php\/2025\/11\/01\/5-expert-tips-for-setting-healthy-boundaries-when-dating-long-distance-this-summer\/\">\n                            <\/a>\n        <\/div>\n        <div class=\"mkd-item-text-holder\">\n            <h4 itemprop=\"name\" class=\"mkd-item-title entry-title\">\n            <a itemprop=\"url\" href=\"https:\/\/aggarwalrubberudyog.com\/index.php\/2025\/11\/01\/5-expert-tips-for-setting-healthy-boundaries-when-dating-long-distance-this-summer\/\">\n                5 Expert Tips for Setting Healthy Boundaries When Dating Long\u2011Distance This Summer            <\/a>\n        <\/h4>\n\n        \n                    <div class=\"mkd-item-info-section clearfix\">\n                <div itemprop=\"dateCreated\" class=\"mkd-post-info-date entry-date updated\">\n\n    \n        1 November 2025\n        \n    <meta itemprop=\"interactionCount\" content=\"UserComments: 0\"\/>\n\n<\/div>            <\/div>\n        \n        \n    <\/div>\n    <\/div>\n<\/li>\n<li class=\"mkd-blog-list-item clearfix\">\n    <div class=\"mkd-blog-list-item-inner\">\n        <div class=\"mkd-item-image clearfix\">\n            <a itemprop=\"url\" href=\"https:\/\/aggarwalrubberudyog.com\/index.php\/2025\/04\/03\/5-vinkkia-jackpottien-valloittamiseen-rizk-casinolla\/\">\n                            <\/a>\n        <\/div>\n        <div class=\"mkd-item-text-holder\">\n            <h4 itemprop=\"name\" class=\"mkd-item-title entry-title\">\n            <a itemprop=\"url\" href=\"https:\/\/aggarwalrubberudyog.com\/index.php\/2025\/04\/03\/5-vinkkia-jackpottien-valloittamiseen-rizk-casinolla\/\">\n                5 Vinkki\u00e4 Jackpottien Valloittamiseen Rizk Casinolla            <\/a>\n        <\/h4>\n\n        \n                    <div class=\"mkd-item-info-section clearfix\">\n                <div itemprop=\"dateCreated\" class=\"mkd-post-info-date entry-date updated\">\n\n    \n        3 April 2025\n        \n    <meta itemprop=\"interactionCount\" content=\"UserComments: 0\"\/>\n\n<\/div>            <\/div>\n        \n        \n    <\/div>\n    <\/div>\n<\/li>\n<li class=\"mkd-blog-list-item clearfix\">\n    <div class=\"mkd-blog-list-item-inner\">\n        <div class=\"mkd-item-image clearfix\">\n            <a itemprop=\"url\" href=\"https:\/\/aggarwalrubberudyog.com\/index.php\/2025\/11\/09\/5-vinkkia-jackpottien-valloittamiseen-rizk-casinolla-2\/\">\n                            <\/a>\n        <\/div>\n        <div class=\"mkd-item-text-holder\">\n            <h4 itemprop=\"name\" class=\"mkd-item-title entry-title\">\n            <a itemprop=\"url\" href=\"https:\/\/aggarwalrubberudyog.com\/index.php\/2025\/11\/09\/5-vinkkia-jackpottien-valloittamiseen-rizk-casinolla-2\/\">\n                5 Vinkki\u00e4 Jackpottien Valloittamiseen Rizk Casinolla            <\/a>\n        <\/h4>\n\n        \n                    <div class=\"mkd-item-info-section clearfix\">\n                <div itemprop=\"dateCreated\" class=\"mkd-post-info-date entry-date updated\">\n\n    \n        9 November 2025\n        \n    <meta itemprop=\"interactionCount\" content=\"UserComments: 0\"\/>\n\n<\/div>            <\/div>\n        \n        \n    <\/div>\n    <\/div>\n<\/li>\n<li class=\"mkd-blog-list-item clearfix\">\n    <div class=\"mkd-blog-list-item-inner\">\n        <div class=\"mkd-item-image clearfix\">\n            <a itemprop=\"url\" href=\"https:\/\/aggarwalrubberudyog.com\/index.php\/2025\/04\/21\/5-vinkkia-jackpottien-valloittamiseen-rizk-casinolla-3\/\">\n                            <\/a>\n        <\/div>\n        <div class=\"mkd-item-text-holder\">\n            <h4 itemprop=\"name\" class=\"mkd-item-title entry-title\">\n            <a itemprop=\"url\" href=\"https:\/\/aggarwalrubberudyog.com\/index.php\/2025\/04\/21\/5-vinkkia-jackpottien-valloittamiseen-rizk-casinolla-3\/\">\n                5 Vinkki\u00e4 Jackpottien Valloittamiseen Rizk Casinolla            <\/a>\n        <\/h4>\n\n        \n                    <div class=\"mkd-item-info-section clearfix\">\n                <div itemprop=\"dateCreated\" class=\"mkd-post-info-date entry-date updated\">\n\n    \n        21 April 2025\n        \n    <meta itemprop=\"interactionCount\" content=\"UserComments: 0\"\/>\n\n<\/div>            <\/div>\n        \n        \n    <\/div>\n    <\/div>\n<\/li>\n<li class=\"mkd-blog-list-item clearfix\">\n    <div class=\"mkd-blog-list-item-inner\">\n        <div class=\"mkd-item-image clearfix\">\n            <a itemprop=\"url\" href=\"https:\/\/aggarwalrubberudyog.com\/index.php\/2025\/11\/17\/5-vinkkia-jackpottien-valloittamiseen-rizk-casinolla-4\/\">\n                            <\/a>\n        <\/div>\n        <div class=\"mkd-item-text-holder\">\n            <h4 itemprop=\"name\" class=\"mkd-item-title entry-title\">\n            <a itemprop=\"url\" href=\"https:\/\/aggarwalrubberudyog.com\/index.php\/2025\/11\/17\/5-vinkkia-jackpottien-valloittamiseen-rizk-casinolla-4\/\">\n                5 Vinkki\u00e4 Jackpottien Valloittamiseen Rizk Casinolla            <\/a>\n        <\/h4>\n\n        \n                    <div class=\"mkd-item-info-section clearfix\">\n                <div itemprop=\"dateCreated\" class=\"mkd-post-info-date entry-date updated\">\n\n    \n        17 November 2025\n        \n    <meta itemprop=\"interactionCount\" content=\"UserComments: 0\"\/>\n\n<\/div>            <\/div>\n        \n        \n    <\/div>\n    <\/div>\n<\/li>\n<li class=\"mkd-blog-list-item clearfix\">\n    <div class=\"mkd-blog-list-item-inner\">\n        <div class=\"mkd-item-image clearfix\">\n            <a itemprop=\"url\" href=\"https:\/\/aggarwalrubberudyog.com\/index.php\/2016\/10\/21\/a-new-beginning\/\">\n                <img loading=\"lazy\" decoding=\"async\" width=\"550\" height=\"550\" src=\"https:\/\/aggarwalrubberudyog.com\/wp-content\/uploads\/2016\/10\/blog-5-550x550.jpg\" class=\"attachment-industrialist_mikado_square size-industrialist_mikado_square wp-post-image\" alt=\"b\" srcset=\"https:\/\/aggarwalrubberudyog.com\/wp-content\/uploads\/2016\/10\/blog-5-550x550.jpg 550w, https:\/\/aggarwalrubberudyog.com\/wp-content\/uploads\/2016\/10\/blog-5-150x150.jpg 150w, https:\/\/aggarwalrubberudyog.com\/wp-content\/uploads\/2016\/10\/blog-5-300x300.jpg 300w, https:\/\/aggarwalrubberudyog.com\/wp-content\/uploads\/2016\/10\/blog-5-100x100.jpg 100w\" sizes=\"auto, (max-width: 550px) 100vw, 550px\" \/>            <\/a>\n        <\/div>\n        <div class=\"mkd-item-text-holder\">\n            <h4 itemprop=\"name\" class=\"mkd-item-title entry-title\">\n            <a itemprop=\"url\" href=\"https:\/\/aggarwalrubberudyog.com\/index.php\/2016\/10\/21\/a-new-beginning\/\">\n                A New Beginning            <\/a>\n        <\/h4>\n\n        \n                    <div class=\"mkd-item-info-section clearfix\">\n                <div itemprop=\"dateCreated\" class=\"mkd-post-info-date entry-date updated\">\n\n    \n        21 October 2016\n        \n    <meta itemprop=\"interactionCount\" content=\"UserComments: 3\"\/>\n\n<\/div>            <\/div>\n        \n        \n    <\/div>\n    <\/div>\n<\/li>\n<li class=\"mkd-blog-list-item clearfix\">\n    <div class=\"mkd-blog-list-item-inner\">\n        <div class=\"mkd-item-image clearfix\">\n            <a itemprop=\"url\" href=\"https:\/\/aggarwalrubberudyog.com\/index.php\/2016\/10\/21\/a-successful-venture\/\">\n                <img loading=\"lazy\" decoding=\"async\" width=\"550\" height=\"550\" src=\"https:\/\/aggarwalrubberudyog.com\/wp-content\/uploads\/2016\/10\/blog-11-550x550.jpg\" class=\"attachment-industrialist_mikado_square size-industrialist_mikado_square wp-post-image\" alt=\"j\" srcset=\"https:\/\/aggarwalrubberudyog.com\/wp-content\/uploads\/2016\/10\/blog-11-550x550.jpg 550w, https:\/\/aggarwalrubberudyog.com\/wp-content\/uploads\/2016\/10\/blog-11-150x150.jpg 150w, https:\/\/aggarwalrubberudyog.com\/wp-content\/uploads\/2016\/10\/blog-11-300x300.jpg 300w, https:\/\/aggarwalrubberudyog.com\/wp-content\/uploads\/2016\/10\/blog-11-100x100.jpg 100w\" sizes=\"auto, (max-width: 550px) 100vw, 550px\" \/>            <\/a>\n        <\/div>\n        <div class=\"mkd-item-text-holder\">\n            <h4 itemprop=\"name\" class=\"mkd-item-title entry-title\">\n            <a itemprop=\"url\" href=\"https:\/\/aggarwalrubberudyog.com\/index.php\/2016\/10\/21\/a-successful-venture\/\">\n                A Successful Venture            <\/a>\n        <\/h4>\n\n        \n                    <div class=\"mkd-item-info-section clearfix\">\n                <div itemprop=\"dateCreated\" class=\"mkd-post-info-date entry-date updated\">\n\n    \n        21 October 2016\n        \n    <meta itemprop=\"interactionCount\" content=\"UserComments: 1\"\/>\n\n<\/div>            <\/div>\n        \n        \n    <\/div>\n    <\/div>\n<\/li>\n<li class=\"mkd-blog-list-item clearfix\">\n    <div class=\"mkd-blog-list-item-inner\">\n        <div class=\"mkd-item-image clearfix\">\n            <a itemprop=\"url\" href=\"https:\/\/aggarwalrubberudyog.com\/index.php\/2016\/10\/20\/art-deco-fair-2015\/\">\n                <img loading=\"lazy\" decoding=\"async\" width=\"550\" height=\"550\" src=\"https:\/\/aggarwalrubberudyog.com\/wp-content\/uploads\/2016\/10\/Blog-16-550x550.jpg\" class=\"attachment-industrialist_mikado_square size-industrialist_mikado_square wp-post-image\" alt=\"m\" srcset=\"https:\/\/aggarwalrubberudyog.com\/wp-content\/uploads\/2016\/10\/Blog-16-550x550.jpg 550w, https:\/\/aggarwalrubberudyog.com\/wp-content\/uploads\/2016\/10\/Blog-16-150x150.jpg 150w, https:\/\/aggarwalrubberudyog.com\/wp-content\/uploads\/2016\/10\/Blog-16-300x300.jpg 300w, https:\/\/aggarwalrubberudyog.com\/wp-content\/uploads\/2016\/10\/Blog-16-100x100.jpg 100w\" sizes=\"auto, (max-width: 550px) 100vw, 550px\" \/>            <\/a>\n        <\/div>\n        <div class=\"mkd-item-text-holder\">\n            <h4 itemprop=\"name\" class=\"mkd-item-title entry-title\">\n            <a itemprop=\"url\" href=\"https:\/\/aggarwalrubberudyog.com\/index.php\/2016\/10\/20\/art-deco-fair-2015\/\">\n                Art Deco Fair 2015            <\/a>\n        <\/h4>\n\n        \n                    <div class=\"mkd-item-info-section clearfix\">\n                <div itemprop=\"dateCreated\" class=\"mkd-post-info-date entry-date updated\">\n\n    \n        20 October 2016\n        \n    <meta itemprop=\"interactionCount\" content=\"UserComments: 3\"\/>\n\n<\/div>            <\/div>\n        \n        \n    <\/div>\n    <\/div>\n<\/li>\n<li class=\"mkd-blog-list-item clearfix\">\n    <div class=\"mkd-blog-list-item-inner\">\n        <div class=\"mkd-item-image clearfix\">\n            <a itemprop=\"url\" href=\"https:\/\/aggarwalrubberudyog.com\/index.php\/2026\/02\/17\/blackjack-2026-strategies-avancees-et-promotions-qui-font-exploser-les-jackpots\/\">\n                            <\/a>\n        <\/div>\n        <div class=\"mkd-item-text-holder\">\n            <h4 itemprop=\"name\" class=\"mkd-item-title entry-title\">\n            <a itemprop=\"url\" href=\"https:\/\/aggarwalrubberudyog.com\/index.php\/2026\/02\/17\/blackjack-2026-strategies-avancees-et-promotions-qui-font-exploser-les-jackpots\/\">\n                Blackjack 2026 \u2013 Strat\u00e9gies avanc\u00e9es et promotions qui font exploser les jackpots            <\/a>\n        <\/h4>\n\n        \n                    <div class=\"mkd-item-info-section clearfix\">\n                <div itemprop=\"dateCreated\" class=\"mkd-post-info-date entry-date updated\">\n\n    \n        17 February 2026\n        \n    <meta itemprop=\"interactionCount\" content=\"UserComments: 0\"\/>\n\n<\/div>            <\/div>\n        \n        \n    <\/div>\n    <\/div>\n<\/li>\n<li class=\"mkd-blog-list-item clearfix\">\n    <div class=\"mkd-blog-list-item-inner\">\n        <div class=\"mkd-item-image clearfix\">\n            <a itemprop=\"url\" href=\"https:\/\/aggarwalrubberudyog.com\/index.php\/2026\/03\/30\/cleobetra-kasino-mit-uusia-pelej-ja-innovaatioita-vuosi-2023-tuo-mukanaan\/\">\n                            <\/a>\n        <\/div>\n        <div class=\"mkd-item-text-holder\">\n            <h4 itemprop=\"name\" class=\"mkd-item-title entry-title\">\n            <a itemprop=\"url\" href=\"https:\/\/aggarwalrubberudyog.com\/index.php\/2026\/03\/30\/cleobetra-kasino-mit-uusia-pelej-ja-innovaatioita-vuosi-2023-tuo-mukanaan\/\">\n                Cleobetra Kasino: Mit\u00e4 Uusia Pelej\u00e4 ja Innovaatioita Vuosi 2023 Tuo Mukanaan            <\/a>\n        <\/h4>\n\n        \n                    <div class=\"mkd-item-info-section clearfix\">\n                <div itemprop=\"dateCreated\" class=\"mkd-post-info-date entry-date updated\">\n\n    \n        30 March 2026\n        \n    <meta itemprop=\"interactionCount\" content=\"UserComments: 0\"\/>\n\n<\/div>            <\/div>\n        \n        \n    <\/div>\n    <\/div>\n<\/li>\n<li class=\"mkd-blog-list-item clearfix\">\n    <div class=\"mkd-blog-list-item-inner\">\n        <div class=\"mkd-item-image clearfix\">\n            <a itemprop=\"url\" href=\"https:\/\/aggarwalrubberudyog.com\/index.php\/2026\/01\/27\/comment-les-certifications-rng-transforment-la-confiance-dans-les-jeux-d-igaming-en-2024\/\">\n                            <\/a>\n        <\/div>\n        <div class=\"mkd-item-text-holder\">\n            <h4 itemprop=\"name\" class=\"mkd-item-title entry-title\">\n            <a itemprop=\"url\" href=\"https:\/\/aggarwalrubberudyog.com\/index.php\/2026\/01\/27\/comment-les-certifications-rng-transforment-la-confiance-dans-les-jeux-d-igaming-en-2024\/\">\n                Comment les certifications RNG transforment la confiance dans les jeux d\u2019iGaming en 2024            <\/a>\n        <\/h4>\n\n        \n                    <div class=\"mkd-item-info-section clearfix\">\n                <div itemprop=\"dateCreated\" class=\"mkd-post-info-date entry-date updated\">\n\n    \n        27 January 2026\n        \n    <meta itemprop=\"interactionCount\" content=\"UserComments: 0\"\/>\n\n<\/div>            <\/div>\n        \n        \n    <\/div>\n    <\/div>\n<\/li>\n<li class=\"mkd-blog-list-item clearfix\">\n    <div class=\"mkd-blog-list-item-inner\">\n        <div class=\"mkd-item-image clearfix\">\n            <a itemprop=\"url\" href=\"https:\/\/aggarwalrubberudyog.com\/index.php\/2026\/04\/01\/como-o-betbona-est-transformando-o-cen-rio-de-jogos-online-com-inova-o\/\">\n                            <\/a>\n        <\/div>\n        <div class=\"mkd-item-text-holder\">\n            <h4 itemprop=\"name\" class=\"mkd-item-title entry-title\">\n            <a itemprop=\"url\" href=\"https:\/\/aggarwalrubberudyog.com\/index.php\/2026\/04\/01\/como-o-betbona-est-transformando-o-cen-rio-de-jogos-online-com-inova-o\/\">\n                Como o Betbona est\u00e1 transformando o cen\u00e1rio de jogos online com inova\u00e7\u00e3o            <\/a>\n        <\/h4>\n\n        \n                    <div class=\"mkd-item-info-section clearfix\">\n                <div itemprop=\"dateCreated\" class=\"mkd-post-info-date entry-date updated\">\n\n    \n        1 April 2026\n        \n    <meta itemprop=\"interactionCount\" content=\"UserComments: 0\"\/>\n\n<\/div>            <\/div>\n        \n        \n    <\/div>\n    <\/div>\n<\/li>\n<li class=\"mkd-blog-list-item clearfix\">\n    <div class=\"mkd-blog-list-item-inner\">\n        <div class=\"mkd-item-image clearfix\">\n            <a itemprop=\"url\" href=\"https:\/\/aggarwalrubberudyog.com\/index.php\/2026\/04\/08\/cookie-casino-complaints-en-hoe-het-klantenservice-problemen-oplost\/\">\n                            <\/a>\n        <\/div>\n        <div class=\"mkd-item-text-holder\">\n            <h4 itemprop=\"name\" class=\"mkd-item-title entry-title\">\n            <a itemprop=\"url\" href=\"https:\/\/aggarwalrubberudyog.com\/index.php\/2026\/04\/08\/cookie-casino-complaints-en-hoe-het-klantenservice-problemen-oplost\/\">\n                Cookie Casino complaints en hoe het klantenservice problemen oplost            <\/a>\n        <\/h4>\n\n        \n                    <div class=\"mkd-item-info-section clearfix\">\n                <div itemprop=\"dateCreated\" class=\"mkd-post-info-date entry-date updated\">\n\n    \n        8 April 2026\n        \n    <meta itemprop=\"interactionCount\" content=\"UserComments: 0\"\/>\n\n<\/div>            <\/div>\n        \n        \n    <\/div>\n    <\/div>\n<\/li>\n<li class=\"mkd-blog-list-item clearfix\">\n    <div class=\"mkd-blog-list-item-inner\">\n        <div class=\"mkd-item-image clearfix\">\n            <a itemprop=\"url\" href=\"https:\/\/aggarwalrubberudyog.com\/index.php\/2026\/02\/06\/cookie-casino-no-deposit-bonus-code-voor-directe-gratis-spins\/\">\n                            <\/a>\n        <\/div>\n        <div class=\"mkd-item-text-holder\">\n            <h4 itemprop=\"name\" class=\"mkd-item-title entry-title\">\n            <a itemprop=\"url\" href=\"https:\/\/aggarwalrubberudyog.com\/index.php\/2026\/02\/06\/cookie-casino-no-deposit-bonus-code-voor-directe-gratis-spins\/\">\n                Cookie Casino No Deposit Bonus Code Voor Directe Gratis Spins            <\/a>\n        <\/h4>\n\n        \n                    <div class=\"mkd-item-info-section clearfix\">\n                <div itemprop=\"dateCreated\" class=\"mkd-post-info-date entry-date updated\">\n\n    \n        6 February 2026\n        \n    <meta itemprop=\"interactionCount\" content=\"UserComments: 0\"\/>\n\n<\/div>            <\/div>\n        \n        \n    <\/div>\n    <\/div>\n<\/li>\n    <\/ul>\n<\/div>\n[\/vc_column][\/vc_row]<\/p>\n","protected":false},"excerpt":{"rendered":"<p>[vc_row content_width=&#8221;grid&#8221;][vc_column][\/vc_column][\/vc_row]<\/p>\n","protected":false},"author":1,"featured_media":0,"parent":0,"menu_order":0,"comment_status":"closed","ping_status":"closed","template":"full-width.php","meta":{"footnotes":""},"class_list":["post-1640","page","type-page","status-publish","hentry"],"_links":{"self":[{"href":"https:\/\/aggarwalrubberudyog.com\/index.php\/wp-json\/wp\/v2\/pages\/1640","targetHints":{"allow":["GET"]}}],"collection":[{"href":"https:\/\/aggarwalrubberudyog.com\/index.php\/wp-json\/wp\/v2\/pages"}],"about":[{"href":"https:\/\/aggarwalrubberudyog.com\/index.php\/wp-json\/wp\/v2\/types\/page"}],"author":[{"embeddable":true,"href":"https:\/\/aggarwalrubberudyog.com\/index.php\/wp-json\/wp\/v2\/users\/1"}],"replies":[{"embeddable":true,"href":"https:\/\/aggarwalrubberudyog.com\/index.php\/wp-json\/wp\/v2\/comments?post=1640"}],"version-history":[{"count":0,"href":"https:\/\/aggarwalrubberudyog.com\/index.php\/wp-json\/wp\/v2\/pages\/1640\/revisions"}],"wp:attachment":[{"href":"https:\/\/aggarwalrubberudyog.com\/index.php\/wp-json\/wp\/v2\/media?parent=1640"}],"curies":[{"name":"wp","href":"https:\/\/api.w.org\/{rel}","templated":true}]}}