{"id":1649,"date":"2016-11-01T10:28:17","date_gmt":"2016-11-01T10:28:17","guid":{"rendered":"http:\/\/industrialist.mikado-themes.com\/?page_id=1649"},"modified":"2016-11-01T10:28:17","modified_gmt":"2016-11-01T10:28:17","slug":"image-in-a-box-two-columns","status":"publish","type":"page","link":"https:\/\/aggarwalrubberudyog.com\/index.php\/image-in-a-box-two-columns\/","title":{"rendered":"Image in a Box Two Columns"},"content":{"rendered":"<p>[vc_row content_width=&#8221;grid&#8221;][vc_column]\n<div class=\"mkd-blog-list-holder mkd-image-in-box  mkd-column-2\">\n    <ul class=\"mkd-blog-list\">\n        <li class=\"mkd-blog-list-item clearfix\">\n    <div class=\"mkd-blog-list-item-inner\">\n        <div class=\"mkd-item-image clearfix\">\n            <a itemprop=\"url\" href=\"https:\/\/aggarwalrubberudyog.com\/index.php\/2025\/11\/03\/enquete-exclusive-comment-les-fetes-anniversaires-faconnent-l-evolution-de-l-igaming-aujourd-hui\/\">\n                            <\/a>\n        <\/div>\n        <div class=\"mkd-item-text-holder\">\n            <h4 itemprop=\"name\" class=\"mkd-item-title entry-title\">\n            <a itemprop=\"url\" href=\"https:\/\/aggarwalrubberudyog.com\/index.php\/2025\/11\/03\/enquete-exclusive-comment-les-fetes-anniversaires-faconnent-l-evolution-de-l-igaming-aujourd-hui\/\">\n                \u00ab Enqu\u00eate exclusive : comment les f\u00eates anniversaires fa\u00e7onnent l\u2019\u00e9volution de l\u2019iGaming aujourd\u2019hui \u00bb            <\/a>\n        <\/h4>\n\n        \n                    <div class=\"mkd-item-info-section clearfix\">\n                <div itemprop=\"dateCreated\" class=\"mkd-post-info-date entry-date updated\">\n\n    \n        3 November 2025\n        \n    <meta itemprop=\"interactionCount\" content=\"UserComments: 0\"\/>\n\n<\/div><div class=\"mkd-post-info-category\"><a href=\"https:\/\/aggarwalrubberudyog.com\/index.php\/category\/blog\/\" rel=\"category tag\">Blog<\/a><\/div>            <\/div>\n        \n        <div class=\"mkd-read-more-holder\"><a itemprop=\"url\" href=\"https:\/\/aggarwalrubberudyog.com\/index.php\/2025\/11\/03\/enquete-exclusive-comment-les-fetes-anniversaires-faconnent-l-evolution-de-l-igaming-aujourd-hui\/\" target=\"_self\" style=\"font-weight: 700\" class=\"mkd-btn mkd-btn-small mkd-btn-minimal mkd-btn-custom-hover-color mkd-btn-icon\" data-hover-color=\"#fdc94b\" >    <span class=\"mkd-btn-text\">Read More<\/span>    <span aria-hidden=\"true\" class=\"mkd-icon-font-elegant arrow_carrot-right \" ><\/span><\/a><\/div>\n    <\/div>\n    <\/div>\n<\/li>\n<li class=\"mkd-blog-list-item clearfix\">\n    <div class=\"mkd-blog-list-item-inner\">\n        <div class=\"mkd-item-image clearfix\">\n            <a itemprop=\"url\" href=\"https:\/\/aggarwalrubberudyog.com\/index.php\/2025\/12\/30\/10-summer-bonus-strategies-to-maximize-your-play-at-casigood\/\">\n                            <\/a>\n        <\/div>\n        <div class=\"mkd-item-text-holder\">\n            <h4 itemprop=\"name\" class=\"mkd-item-title entry-title\">\n            <a itemprop=\"url\" href=\"https:\/\/aggarwalrubberudyog.com\/index.php\/2025\/12\/30\/10-summer-bonus-strategies-to-maximize-your-play-at-casigood\/\">\n                10 Summer Bonus Strategies to Maximize Your Play at Casigood            <\/a>\n        <\/h4>\n\n        \n                    <div class=\"mkd-item-info-section clearfix\">\n                <div itemprop=\"dateCreated\" class=\"mkd-post-info-date entry-date updated\">\n\n    \n        30 December 2025\n        \n    <meta itemprop=\"interactionCount\" content=\"UserComments: 0\"\/>\n\n<\/div><div class=\"mkd-post-info-category\"><a href=\"https:\/\/aggarwalrubberudyog.com\/index.php\/category\/blog\/\" rel=\"category tag\">Blog<\/a><\/div>            <\/div>\n        \n        <div class=\"mkd-read-more-holder\"><a itemprop=\"url\" href=\"https:\/\/aggarwalrubberudyog.com\/index.php\/2025\/12\/30\/10-summer-bonus-strategies-to-maximize-your-play-at-casigood\/\" target=\"_self\" style=\"font-weight: 700\" class=\"mkd-btn mkd-btn-small mkd-btn-minimal mkd-btn-custom-hover-color mkd-btn-icon\" data-hover-color=\"#fdc94b\" >    <span class=\"mkd-btn-text\">Read More<\/span>    <span aria-hidden=\"true\" class=\"mkd-icon-font-elegant arrow_carrot-right \" ><\/span><\/a><\/div>\n    <\/div>\n    <\/div>\n<\/li>\n<li class=\"mkd-blog-list-item clearfix\">\n    <div class=\"mkd-blog-list-item-inner\">\n        <div class=\"mkd-item-image clearfix\">\n            <a itemprop=\"url\" href=\"https:\/\/aggarwalrubberudyog.com\/index.php\/2025\/11\/01\/5-expert-tips-for-setting-healthy-boundaries-when-dating-long-distance-this-summer\/\">\n                            <\/a>\n        <\/div>\n        <div class=\"mkd-item-text-holder\">\n            <h4 itemprop=\"name\" class=\"mkd-item-title entry-title\">\n            <a itemprop=\"url\" href=\"https:\/\/aggarwalrubberudyog.com\/index.php\/2025\/11\/01\/5-expert-tips-for-setting-healthy-boundaries-when-dating-long-distance-this-summer\/\">\n                5 Expert Tips for Setting Healthy Boundaries When Dating Long\u2011Distance This Summer            <\/a>\n        <\/h4>\n\n        \n                    <div class=\"mkd-item-info-section clearfix\">\n                <div itemprop=\"dateCreated\" class=\"mkd-post-info-date entry-date updated\">\n\n    \n        1 November 2025\n        \n    <meta itemprop=\"interactionCount\" content=\"UserComments: 0\"\/>\n\n<\/div><div class=\"mkd-post-info-category\"><a href=\"https:\/\/aggarwalrubberudyog.com\/index.php\/category\/blog\/\" rel=\"category tag\">Blog<\/a><\/div>            <\/div>\n        \n        <div class=\"mkd-read-more-holder\"><a itemprop=\"url\" href=\"https:\/\/aggarwalrubberudyog.com\/index.php\/2025\/11\/01\/5-expert-tips-for-setting-healthy-boundaries-when-dating-long-distance-this-summer\/\" target=\"_self\" style=\"font-weight: 700\" class=\"mkd-btn mkd-btn-small mkd-btn-minimal mkd-btn-custom-hover-color mkd-btn-icon\" data-hover-color=\"#fdc94b\" >    <span class=\"mkd-btn-text\">Read More<\/span>    <span aria-hidden=\"true\" class=\"mkd-icon-font-elegant arrow_carrot-right \" ><\/span><\/a><\/div>\n    <\/div>\n    <\/div>\n<\/li>\n<li class=\"mkd-blog-list-item clearfix\">\n    <div class=\"mkd-blog-list-item-inner\">\n        <div class=\"mkd-item-image clearfix\">\n            <a itemprop=\"url\" href=\"https:\/\/aggarwalrubberudyog.com\/index.php\/2025\/04\/03\/5-vinkkia-jackpottien-valloittamiseen-rizk-casinolla\/\">\n                            <\/a>\n        <\/div>\n        <div class=\"mkd-item-text-holder\">\n            <h4 itemprop=\"name\" class=\"mkd-item-title entry-title\">\n            <a itemprop=\"url\" href=\"https:\/\/aggarwalrubberudyog.com\/index.php\/2025\/04\/03\/5-vinkkia-jackpottien-valloittamiseen-rizk-casinolla\/\">\n                5 Vinkki\u00e4 Jackpottien Valloittamiseen Rizk Casinolla            <\/a>\n        <\/h4>\n\n        \n                    <div class=\"mkd-item-info-section clearfix\">\n                <div itemprop=\"dateCreated\" class=\"mkd-post-info-date entry-date updated\">\n\n    \n        3 April 2025\n        \n    <meta itemprop=\"interactionCount\" content=\"UserComments: 0\"\/>\n\n<\/div><div class=\"mkd-post-info-category\"><a href=\"https:\/\/aggarwalrubberudyog.com\/index.php\/category\/blog\/\" rel=\"category tag\">Blog<\/a><\/div>            <\/div>\n        \n        <div class=\"mkd-read-more-holder\"><a itemprop=\"url\" href=\"https:\/\/aggarwalrubberudyog.com\/index.php\/2025\/04\/03\/5-vinkkia-jackpottien-valloittamiseen-rizk-casinolla\/\" target=\"_self\" style=\"font-weight: 700\" class=\"mkd-btn mkd-btn-small mkd-btn-minimal mkd-btn-custom-hover-color mkd-btn-icon\" data-hover-color=\"#fdc94b\" >    <span class=\"mkd-btn-text\">Read More<\/span>    <span aria-hidden=\"true\" class=\"mkd-icon-font-elegant arrow_carrot-right \" ><\/span><\/a><\/div>\n    <\/div>\n    <\/div>\n<\/li>\n<li class=\"mkd-blog-list-item clearfix\">\n    <div class=\"mkd-blog-list-item-inner\">\n        <div class=\"mkd-item-image clearfix\">\n            <a itemprop=\"url\" href=\"https:\/\/aggarwalrubberudyog.com\/index.php\/2025\/11\/09\/5-vinkkia-jackpottien-valloittamiseen-rizk-casinolla-2\/\">\n                            <\/a>\n        <\/div>\n        <div class=\"mkd-item-text-holder\">\n            <h4 itemprop=\"name\" class=\"mkd-item-title entry-title\">\n            <a itemprop=\"url\" href=\"https:\/\/aggarwalrubberudyog.com\/index.php\/2025\/11\/09\/5-vinkkia-jackpottien-valloittamiseen-rizk-casinolla-2\/\">\n                5 Vinkki\u00e4 Jackpottien Valloittamiseen Rizk Casinolla            <\/a>\n        <\/h4>\n\n        \n                    <div class=\"mkd-item-info-section clearfix\">\n                <div itemprop=\"dateCreated\" class=\"mkd-post-info-date entry-date updated\">\n\n    \n        9 November 2025\n        \n    <meta itemprop=\"interactionCount\" content=\"UserComments: 0\"\/>\n\n<\/div><div class=\"mkd-post-info-category\"><a href=\"https:\/\/aggarwalrubberudyog.com\/index.php\/category\/blog\/\" rel=\"category tag\">Blog<\/a><\/div>            <\/div>\n        \n        <div class=\"mkd-read-more-holder\"><a itemprop=\"url\" href=\"https:\/\/aggarwalrubberudyog.com\/index.php\/2025\/11\/09\/5-vinkkia-jackpottien-valloittamiseen-rizk-casinolla-2\/\" target=\"_self\" style=\"font-weight: 700\" class=\"mkd-btn mkd-btn-small mkd-btn-minimal mkd-btn-custom-hover-color mkd-btn-icon\" data-hover-color=\"#fdc94b\" >    <span class=\"mkd-btn-text\">Read More<\/span>    <span aria-hidden=\"true\" class=\"mkd-icon-font-elegant arrow_carrot-right \" ><\/span><\/a><\/div>\n    <\/div>\n    <\/div>\n<\/li>\n<li class=\"mkd-blog-list-item clearfix\">\n    <div class=\"mkd-blog-list-item-inner\">\n        <div class=\"mkd-item-image clearfix\">\n            <a itemprop=\"url\" href=\"https:\/\/aggarwalrubberudyog.com\/index.php\/2025\/04\/21\/5-vinkkia-jackpottien-valloittamiseen-rizk-casinolla-3\/\">\n                            <\/a>\n        <\/div>\n        <div class=\"mkd-item-text-holder\">\n            <h4 itemprop=\"name\" class=\"mkd-item-title entry-title\">\n            <a itemprop=\"url\" href=\"https:\/\/aggarwalrubberudyog.com\/index.php\/2025\/04\/21\/5-vinkkia-jackpottien-valloittamiseen-rizk-casinolla-3\/\">\n                5 Vinkki\u00e4 Jackpottien Valloittamiseen Rizk Casinolla            <\/a>\n        <\/h4>\n\n        \n                    <div class=\"mkd-item-info-section clearfix\">\n                <div itemprop=\"dateCreated\" class=\"mkd-post-info-date entry-date updated\">\n\n    \n        21 April 2025\n        \n    <meta itemprop=\"interactionCount\" content=\"UserComments: 0\"\/>\n\n<\/div><div class=\"mkd-post-info-category\"><a href=\"https:\/\/aggarwalrubberudyog.com\/index.php\/category\/blog\/\" rel=\"category tag\">Blog<\/a><\/div>            <\/div>\n        \n        <div class=\"mkd-read-more-holder\"><a itemprop=\"url\" href=\"https:\/\/aggarwalrubberudyog.com\/index.php\/2025\/04\/21\/5-vinkkia-jackpottien-valloittamiseen-rizk-casinolla-3\/\" target=\"_self\" style=\"font-weight: 700\" class=\"mkd-btn mkd-btn-small mkd-btn-minimal mkd-btn-custom-hover-color mkd-btn-icon\" data-hover-color=\"#fdc94b\" >    <span class=\"mkd-btn-text\">Read More<\/span>    <span aria-hidden=\"true\" class=\"mkd-icon-font-elegant arrow_carrot-right \" ><\/span><\/a><\/div>\n    <\/div>\n    <\/div>\n<\/li>\n<li class=\"mkd-blog-list-item clearfix\">\n    <div class=\"mkd-blog-list-item-inner\">\n        <div class=\"mkd-item-image clearfix\">\n            <a itemprop=\"url\" href=\"https:\/\/aggarwalrubberudyog.com\/index.php\/2025\/11\/17\/5-vinkkia-jackpottien-valloittamiseen-rizk-casinolla-4\/\">\n                            <\/a>\n        <\/div>\n        <div class=\"mkd-item-text-holder\">\n            <h4 itemprop=\"name\" class=\"mkd-item-title entry-title\">\n            <a itemprop=\"url\" href=\"https:\/\/aggarwalrubberudyog.com\/index.php\/2025\/11\/17\/5-vinkkia-jackpottien-valloittamiseen-rizk-casinolla-4\/\">\n                5 Vinkki\u00e4 Jackpottien Valloittamiseen Rizk Casinolla            <\/a>\n        <\/h4>\n\n        \n                    <div class=\"mkd-item-info-section clearfix\">\n                <div itemprop=\"dateCreated\" class=\"mkd-post-info-date entry-date updated\">\n\n    \n        17 November 2025\n        \n    <meta itemprop=\"interactionCount\" content=\"UserComments: 0\"\/>\n\n<\/div><div class=\"mkd-post-info-category\"><a href=\"https:\/\/aggarwalrubberudyog.com\/index.php\/category\/blog\/\" rel=\"category tag\">Blog<\/a><\/div>            <\/div>\n        \n        <div class=\"mkd-read-more-holder\"><a itemprop=\"url\" href=\"https:\/\/aggarwalrubberudyog.com\/index.php\/2025\/11\/17\/5-vinkkia-jackpottien-valloittamiseen-rizk-casinolla-4\/\" target=\"_self\" style=\"font-weight: 700\" class=\"mkd-btn mkd-btn-small mkd-btn-minimal mkd-btn-custom-hover-color mkd-btn-icon\" data-hover-color=\"#fdc94b\" >    <span class=\"mkd-btn-text\">Read More<\/span>    <span aria-hidden=\"true\" class=\"mkd-icon-font-elegant arrow_carrot-right \" ><\/span><\/a><\/div>\n    <\/div>\n    <\/div>\n<\/li>\n<li class=\"mkd-blog-list-item clearfix\">\n    <div class=\"mkd-blog-list-item-inner\">\n        <div class=\"mkd-item-image clearfix\">\n            <a itemprop=\"url\" href=\"https:\/\/aggarwalrubberudyog.com\/index.php\/2026\/02\/15\/a-guide-to-transferring-firearm-ownership-in-hawaii\/\">\n                            <\/a>\n        <\/div>\n        <div class=\"mkd-item-text-holder\">\n            <h4 itemprop=\"name\" class=\"mkd-item-title entry-title\">\n            <a itemprop=\"url\" href=\"https:\/\/aggarwalrubberudyog.com\/index.php\/2026\/02\/15\/a-guide-to-transferring-firearm-ownership-in-hawaii\/\">\n                A Guide to Transferring Firearm Ownership in Hawaii            <\/a>\n        <\/h4>\n\n        \n                    <div class=\"mkd-item-info-section clearfix\">\n                <div itemprop=\"dateCreated\" class=\"mkd-post-info-date entry-date updated\">\n\n    \n        15 February 2026\n        \n    <meta itemprop=\"interactionCount\" content=\"UserComments: 0\"\/>\n\n<\/div><div class=\"mkd-post-info-category\"><a href=\"https:\/\/aggarwalrubberudyog.com\/index.php\/category\/blog\/\" rel=\"category tag\">Blog<\/a><\/div>            <\/div>\n        \n        <div class=\"mkd-read-more-holder\"><a itemprop=\"url\" href=\"https:\/\/aggarwalrubberudyog.com\/index.php\/2026\/02\/15\/a-guide-to-transferring-firearm-ownership-in-hawaii\/\" target=\"_self\" style=\"font-weight: 700\" class=\"mkd-btn mkd-btn-small mkd-btn-minimal mkd-btn-custom-hover-color mkd-btn-icon\" data-hover-color=\"#fdc94b\" >    <span class=\"mkd-btn-text\">Read More<\/span>    <span aria-hidden=\"true\" class=\"mkd-icon-font-elegant arrow_carrot-right \" ><\/span><\/a><\/div>\n    <\/div>\n    <\/div>\n<\/li>\n    <\/ul>\n<\/div>\n[\/vc_column][\/vc_row]<\/p>\n","protected":false},"excerpt":{"rendered":"<p>[vc_row content_width=&#8221;grid&#8221;][vc_column][\/vc_column][\/vc_row]<\/p>\n","protected":false},"author":1,"featured_media":0,"parent":0,"menu_order":0,"comment_status":"closed","ping_status":"closed","template":"full-width.php","meta":{"footnotes":""},"class_list":["post-1649","page","type-page","status-publish","hentry"],"_links":{"self":[{"href":"https:\/\/aggarwalrubberudyog.com\/index.php\/wp-json\/wp\/v2\/pages\/1649","targetHints":{"allow":["GET"]}}],"collection":[{"href":"https:\/\/aggarwalrubberudyog.com\/index.php\/wp-json\/wp\/v2\/pages"}],"about":[{"href":"https:\/\/aggarwalrubberudyog.com\/index.php\/wp-json\/wp\/v2\/types\/page"}],"author":[{"embeddable":true,"href":"https:\/\/aggarwalrubberudyog.com\/index.php\/wp-json\/wp\/v2\/users\/1"}],"replies":[{"embeddable":true,"href":"https:\/\/aggarwalrubberudyog.com\/index.php\/wp-json\/wp\/v2\/comments?post=1649"}],"version-history":[{"count":0,"href":"https:\/\/aggarwalrubberudyog.com\/index.php\/wp-json\/wp\/v2\/pages\/1649\/revisions"}],"wp:attachment":[{"href":"https:\/\/aggarwalrubberudyog.com\/index.php\/wp-json\/wp\/v2\/media?parent=1649"}],"curies":[{"name":"wp","href":"https:\/\/api.w.org\/{rel}","templated":true}]}}